{"id":9,"date":"2026-05-04T16:29:24","date_gmt":"2026-05-04T16:29:24","guid":{"rendered":"https:\/\/duyquan.azdigi.shop\/index.php\/gio-hang\/"},"modified":"2026-05-04T18:15:17","modified_gmt":"2026-05-04T18:15:17","slug":"gio-hang","status":"publish","type":"page","link":"https:\/\/duyquan.azdigi.shop\/index.php\/gio-hang\/","title":{"rendered":"Gi\u1ecf h\u00e0ng"},"content":{"rendered":"\n<div data-block-name=\"woocommerce\/cart\" class=\"wp-block-woocommerce-cart alignwide is-loading\">\n<div data-block-name=\"woocommerce\/filled-cart-block\" class=\"wp-block-woocommerce-filled-cart-block\">\n<div data-block-name=\"woocommerce\/cart-items-block\" class=\"wp-block-woocommerce-cart-items-block\">\n<div data-block-name=\"woocommerce\/cart-line-items-block\" class=\"wp-block-woocommerce-cart-line-items-block\"><\/div>\n\n\n<\/div>\n\n\n\n\n<div data-block-name=\"woocommerce\/cart-totals-block\" class=\"wp-block-woocommerce-cart-totals-block\">\n<div data-block-name=\"woocommerce\/cart-order-summary-block\" class=\"wp-block-woocommerce-cart-order-summary-block\">\n<div data-block-name=\"woocommerce\/cart-order-summary-heading-block\" class=\"wp-block-woocommerce-cart-order-summary-heading-block\"><\/div><div data-block-name=\"woocommerce\/cart-order-summary-coupon-form-block\" class=\"wp-block-woocommerce-cart-order-summary-coupon-form-block\"><\/div><div data-block-name=\"woocommerce\/cart-order-summary-totals-block\" class=\"wp-block-woocommerce-cart-order-summary-totals-block\">\n<div data-block-name=\"woocommerce\/cart-order-summary-subtotal-block\" class=\"wp-block-woocommerce-cart-order-summary-subtotal-block\"><\/div>\n<div data-block-name=\"woocommerce\/cart-order-summary-discount-block\" class=\"wp-block-woocommerce-cart-order-summary-discount-block\"><\/div>\n<div data-block-name=\"woocommerce\/cart-order-summary-fee-block\" class=\"wp-block-woocommerce-cart-order-summary-fee-block\"><\/div>\n<div data-block-name=\"woocommerce\/cart-order-summary-shipping-block\" class=\"wp-block-woocommerce-cart-order-summary-shipping-block\"><\/div>\n<div data-block-name=\"woocommerce\/cart-order-summary-taxes-block\" class=\"wp-block-woocommerce-cart-order-summary-taxes-block\"><\/div><\/div>\n<\/div>\n\n\n\n<div data-block-name=\"woocommerce\/cart-express-payment-block\" class=\"wp-block-woocommerce-cart-express-payment-block\"><\/div>\n\n\n\n<div data-block-name=\"woocommerce\/proceed-to-checkout-block\" class=\"wp-block-woocommerce-proceed-to-checkout-block\"><\/div>\n\n\n\n<div data-block-name=\"woocommerce\/cart-accepted-payment-methods-block\" class=\"wp-block-woocommerce-cart-accepted-payment-methods-block\"><\/div>\n<\/div>\n<\/div>\n\n\n\n<div data-block-name=\"woocommerce\/empty-cart-block\" class=\"wp-block-woocommerce-empty-cart-block\">\n<h2 class=\"wp-block-heading has-text-align-center with-empty-cart-icon wc-block-cart__empty-cart__title\">Gi\u1ecf h\u00e0ng hi\u1ec7n t\u1ea1i ch\u01b0a c\u00f3 s\u1ea3n ph\u1ea9m n\u00e0o!<\/h2>\n\n\n\n<hr class=\"wp-block-separator has-alpha-channel-opacity is-style-dots\"\/>\n\n\n\n<h2 class=\"wp-block-heading has-text-align-center\">M\u1edbi trong c\u1eeda h\u00e0ng<\/h2>\n\n\n<div data-block-name=\"woocommerce\/product-new\" data-columns=\"4\" data-rows=\"1\" class=\"wc-block-grid wp-block-product-new wp-block-woocommerce-product-new wc-block-product-new has-4-columns\"><ul class=\"wc-block-grid__products\"><li class=\"wc-block-grid__product\">\n\t\t\t\t<a href=\"https:\/\/duyquan.azdigi.shop\/index.php\/san-pham\/set-vot-cau-long-vs-energetic-long-ma-chinh-hang\/\" class=\"wc-block-grid__product-link\">\n\t\t\t\t\t\n\t\t\t\t\t<div class=\"wc-block-grid__product-image\"><img loading=\"lazy\" decoding=\"async\" width=\"300\" height=\"300\" src=\"https:\/\/duyquan.azdigi.shop\/wp-content\/uploads\/2026\/05\/591.webp\" class=\"attachment-woocommerce_thumbnail size-woocommerce_thumbnail\" alt=\"Set V\u1ee3t c\u1ea7u l\u00f4ng VS Energetic Long M\u00e3 Ch\u00ednh H\u00e3ng\" srcset=\"https:\/\/duyquan.azdigi.shop\/wp-content\/uploads\/2026\/05\/591.webp 300w, https:\/\/duyquan.azdigi.shop\/wp-content\/uploads\/2026\/05\/591-150x150.webp 150w, https:\/\/duyquan.azdigi.shop\/wp-content\/uploads\/2026\/05\/591-100x100.webp 100w\" sizes=\"auto, (max-width: 300px) 100vw, 300px\" \/><\/div>\n\t\t\t\t\t<div class=\"wc-block-grid__product-title\">Set V\u1ee3t c\u1ea7u l\u00f4ng VS Energetic Long M\u00e3 Ch\u00ednh H\u00e3ng<\/div>\n\t\t\t\t<\/a>\n\t\t\t\t<div class=\"wc-block-grid__product-price price\"><span class=\"woocommerce-Price-amount amount\"><span class=\"woocommerce-Price-currencySymbol\">&#036;<\/span>1,850,000.00<\/span><\/div>\n\t\t\t\t\n\t\t\t\t<div class=\"wp-block-button wc-block-grid__product-add-to-cart\"><a href=\"https:\/\/duyquan.azdigi.shop\/index.php\/san-pham\/set-vot-cau-long-vs-energetic-long-ma-chinh-hang\/\" aria-label=\"L\u1ef1a ch\u1ecdn cho &ldquo;Set V\u1ee3t c\u1ea7u l\u00f4ng VS Energetic Long M\u00e3 Ch\u00ednh H\u00e3ng&rdquo;\" data-quantity=\"1\" data-product_id=\"78\" data-product_sku=\"VS Energetic\" data-price=\"1850000\" rel=\"nofollow\" class=\"wp-block-button__link  add_to_cart_button\">Ch\u1ecdn<\/a><\/div>\n\t\t\t<\/li><li class=\"wc-block-grid__product\">\n\t\t\t\t<a href=\"https:\/\/duyquan.azdigi.shop\/index.php\/san-pham\/ao-cau-long-lining-p-atsu493-2-nam-chinh-hang\/\" class=\"wc-block-grid__product-link\">\n\t\t\t\t\t\n\t\t\t\t\t<div class=\"wc-block-grid__product-image\"><img loading=\"lazy\" decoding=\"async\" width=\"247\" height=\"296\" src=\"https:\/\/duyquan.azdigi.shop\/wp-content\/uploads\/2026\/05\/517-247x296-1.webp\" class=\"attachment-woocommerce_thumbnail size-woocommerce_thumbnail\" alt=\"\u00c1o c\u1ea7u l\u00f4ng Lining P-ATSU493-2 nam ch\u00ednh h\u00e3ng\" \/><\/div>\n\t\t\t\t\t<div class=\"wc-block-grid__product-title\">\u00c1o c\u1ea7u l\u00f4ng Lining P-ATSU493-2 nam ch\u00ednh h\u00e3ng<\/div>\n\t\t\t\t<\/a>\n\t\t\t\t<div class=\"wc-block-grid__product-price price\"><\/div>\n\t\t\t\t\n\t\t\t\t<div class=\"wp-block-button wc-block-grid__product-add-to-cart\"><a href=\"https:\/\/duyquan.azdigi.shop\/index.php\/san-pham\/ao-cau-long-lining-p-atsu493-2-nam-chinh-hang\/\" aria-label=\"L\u1ef1a ch\u1ecdn cho &ldquo;\u00c1o c\u1ea7u l\u00f4ng Lining P-ATSU493-2 nam ch\u00ednh h\u00e3ng&rdquo;\" data-quantity=\"1\" data-product_id=\"32\" data-product_sku=\"P-ATSU493-2\" data-price=\"0\" rel=\"nofollow\" class=\"wp-block-button__link  add_to_cart_button\">\u0110\u1ecdc ti\u1ebfp<\/a><\/div>\n\t\t\t<\/li><li class=\"wc-block-grid__product\">\n\t\t\t\t<a href=\"https:\/\/duyquan.azdigi.shop\/index.php\/san-pham\/ao-cau-long-lining-p-aplr125-8-nam-chinh-hang\/\" class=\"wc-block-grid__product-link\">\n\t\t\t\t\t<div class=\"wc-block-grid__product-onsale\">\n\t\t\t<span aria-hidden=\"true\">Khuy\u1ebfn m\u1ea1i<\/span>\n\t\t\t<span class=\"screen-reader-text\">S\u1ea3n ph\u1ea9m \u0111ang gi\u1ea3m gi\u00e1<\/span>\n\t\t<\/div>\n\t\t\t\t\t<div class=\"wc-block-grid__product-image\"><img loading=\"lazy\" decoding=\"async\" width=\"247\" height=\"296\" src=\"https:\/\/duyquan.azdigi.shop\/wp-content\/uploads\/2026\/05\/518-247x296-1.webp\" class=\"attachment-woocommerce_thumbnail size-woocommerce_thumbnail\" alt=\"\u00c1o c\u1ea7u l\u00f4ng Lining P-APLR125-8 nam ch\u00ednh h\u00e3ng\" \/><\/div>\n\t\t\t\t\t<div class=\"wc-block-grid__product-title\">\u00c1o c\u1ea7u l\u00f4ng Lining P-APLR125-8 nam ch\u00ednh h\u00e3ng<\/div>\n\t\t\t\t<\/a>\n\t\t\t\t<div class=\"wc-block-grid__product-price price\"><del aria-hidden=\"true\"><span class=\"woocommerce-Price-amount amount\"><span class=\"woocommerce-Price-currencySymbol\">&#036;<\/span>579,000.00<\/span><\/del> <span class=\"screen-reader-text\">Gi\u00e1 g\u1ed1c l\u00e0: &#036;579,000.00.<\/span><ins aria-hidden=\"true\"><span class=\"woocommerce-Price-amount amount\"><span class=\"woocommerce-Price-currencySymbol\">&#036;<\/span>569,000.00<\/span><\/ins><span class=\"screen-reader-text\">Gi\u00e1 hi\u1ec7n t\u1ea1i l\u00e0: &#036;569,000.00.<\/span><\/div>\n\t\t\t\t\n\t\t\t\t<div class=\"wp-block-button wc-block-grid__product-add-to-cart\"><a href=\"https:\/\/duyquan.azdigi.shop\/index.php\/san-pham\/ao-cau-long-lining-p-aplr125-8-nam-chinh-hang\/\" aria-label=\"L\u1ef1a ch\u1ecdn cho &ldquo;\u00c1o c\u1ea7u l\u00f4ng Lining P-APLR125-8 nam ch\u00ednh h\u00e3ng&rdquo;\" data-quantity=\"1\" data-product_id=\"24\" data-product_sku=\"P-APLR125-8\" data-price=\"569000\" rel=\"nofollow\" class=\"wp-block-button__link  add_to_cart_button\">Ch\u1ecdn<\/a><\/div>\n\t\t\t<\/li><li class=\"wc-block-grid__product\">\n\t\t\t\t<a href=\"https:\/\/duyquan.azdigi.shop\/index.php\/san-pham\/ao-cau-long-lining-p-aplr125-7-nam-chinh-hang\/\" class=\"wc-block-grid__product-link\">\n\t\t\t\t\t\n\t\t\t\t\t<div class=\"wc-block-grid__product-image\"><img loading=\"lazy\" decoding=\"async\" width=\"300\" height=\"300\" src=\"https:\/\/duyquan.azdigi.shop\/wp-content\/uploads\/2026\/05\/516.webp\" class=\"attachment-woocommerce_thumbnail size-woocommerce_thumbnail\" alt=\"\u00c1o c\u1ea7u l\u00f4ng Lining P-APLR125-7 nam ch\u00ednh h\u00e3ng\" srcset=\"https:\/\/duyquan.azdigi.shop\/wp-content\/uploads\/2026\/05\/516.webp 300w, https:\/\/duyquan.azdigi.shop\/wp-content\/uploads\/2026\/05\/516-100x100.webp 100w, https:\/\/duyquan.azdigi.shop\/wp-content\/uploads\/2026\/05\/516-150x150.webp 150w\" sizes=\"auto, (max-width: 300px) 100vw, 300px\" \/><\/div>\n\t\t\t\t\t<div class=\"wc-block-grid__product-title\">\u00c1o c\u1ea7u l\u00f4ng Lining P-APLR125-7 nam ch\u00ednh h\u00e3ng<\/div>\n\t\t\t\t<\/a>\n\t\t\t\t<div class=\"wc-block-grid__product-price price\"><span class=\"woocommerce-Price-amount amount\"><span class=\"woocommerce-Price-currencySymbol\">&#036;<\/span>579,000.00<\/span><\/div>\n\t\t\t\t\n\t\t\t\t<div class=\"wp-block-button wc-block-grid__product-add-to-cart\"><a href=\"https:\/\/duyquan.azdigi.shop\/index.php\/san-pham\/ao-cau-long-lining-p-aplr125-7-nam-chinh-hang\/\" aria-label=\"L\u1ef1a ch\u1ecdn cho &ldquo;\u00c1o c\u1ea7u l\u00f4ng Lining P-APLR125-7 nam ch\u00ednh h\u00e3ng&rdquo;\" data-quantity=\"1\" data-product_id=\"13\" data-product_sku=\"P-APLR125-7\" data-price=\"579000\" rel=\"nofollow\" class=\"wp-block-button__link  add_to_cart_button\">Ch\u1ecdn<\/a><\/div>\n\t\t\t<\/li><\/ul><\/div><\/div>\n<\/div>\n","protected":false},"excerpt":{"rendered":"","protected":false},"author":1,"featured_media":0,"parent":0,"menu_order":0,"comment_status":"closed","ping_status":"closed","template":"","meta":{"footnotes":""},"class_list":["post-9","page","type-page","status-publish","hentry"],"_links":{"self":[{"href":"https:\/\/duyquan.azdigi.shop\/index.php\/wp-json\/wp\/v2\/pages\/9","targetHints":{"allow":["GET"]}}],"collection":[{"href":"https:\/\/duyquan.azdigi.shop\/index.php\/wp-json\/wp\/v2\/pages"}],"about":[{"href":"https:\/\/duyquan.azdigi.shop\/index.php\/wp-json\/wp\/v2\/types\/page"}],"author":[{"embeddable":true,"href":"https:\/\/duyquan.azdigi.shop\/index.php\/wp-json\/wp\/v2\/users\/1"}],"replies":[{"embeddable":true,"href":"https:\/\/duyquan.azdigi.shop\/index.php\/wp-json\/wp\/v2\/comments?post=9"}],"version-history":[{"count":1,"href":"https:\/\/duyquan.azdigi.shop\/index.php\/wp-json\/wp\/v2\/pages\/9\/revisions"}],"predecessor-version":[{"id":104,"href":"https:\/\/duyquan.azdigi.shop\/index.php\/wp-json\/wp\/v2\/pages\/9\/revisions\/104"}],"wp:attachment":[{"href":"https:\/\/duyquan.azdigi.shop\/index.php\/wp-json\/wp\/v2\/media?parent=9"}],"curies":[{"name":"wp","href":"https:\/\/api.w.org\/{rel}","templated":true}]}}