{"id":57,"date":"2026-05-04T17:18:03","date_gmt":"2026-05-04T17:18:03","guid":{"rendered":"https:\/\/duyquan.azdigi.shop\/?page_id=57"},"modified":"2026-05-04T17:18:03","modified_gmt":"2026-05-04T17:18:03","slug":"sale-off-bo-suu-tap-cau-long-giam-gia-den-70","status":"publish","type":"page","link":"https:\/\/duyquan.azdigi.shop\/index.php\/sale-off-bo-suu-tap-cau-long-giam-gia-den-70\/","title":{"rendered":"SALE OFF B\u1ed8 S\u01afU T\u1eacP C\u1ea6U L\u00d4NG GI\u1ea2M GI\u00c1 \u0110\u1ebeN 70%"},"content":{"rendered":"<header class=\"entry-header\">\n<div class=\"entry-header-text entry-header-text-top text-center\">\n<div class=\"entry-meta uppercase is-xsmall\"><\/div>\n<\/div>\n<div class=\"entry-image relative\"><a href=\"https:\/\/n1thnltmdt21c.azdigi.shop\/index.php\/2026\/04\/18\/sale-off-bo-suu-tap-cau-long-uu-dai-den-70\/\"><img loading=\"lazy\" decoding=\"async\" class=\"attachment-large size-large wp-post-image\" src=\"https:\/\/n1thnltmdt21c.azdigi.shop\/wp-content\/uploads\/2026\/04\/Gemini_Generated_Image_hzilfqhzilfqhzil-1024x170.png\" sizes=\"auto, (max-width: 1020px) 100vw, 1020px\" srcset=\"https:\/\/n1thnltmdt21c.azdigi.shop\/wp-content\/uploads\/2026\/04\/Gemini_Generated_Image_hzilfqhzilfqhzil-1024x170.png 1024w, https:\/\/n1thnltmdt21c.azdigi.shop\/wp-content\/uploads\/2026\/04\/Gemini_Generated_Image_hzilfqhzilfqhzil-300x50.png 300w, https:\/\/n1thnltmdt21c.azdigi.shop\/wp-content\/uploads\/2026\/04\/Gemini_Generated_Image_hzilfqhzilfqhzil-768x127.png 768w, https:\/\/n1thnltmdt21c.azdigi.shop\/wp-content\/uploads\/2026\/04\/Gemini_Generated_Image_hzilfqhzilfqhzil-1536x255.png 1536w, https:\/\/n1thnltmdt21c.azdigi.shop\/wp-content\/uploads\/2026\/04\/Gemini_Generated_Image_hzilfqhzilfqhzil-2048x340.png 2048w, https:\/\/n1thnltmdt21c.azdigi.shop\/wp-content\/uploads\/2026\/04\/Gemini_Generated_Image_hzilfqhzilfqhzil-510x85.png 510w\" alt=\"\" width=\"1020\" height=\"169\" \/><\/a><\/p>\n<div class=\"badge absolute top post-date badge-circle\">\n<div class=\"badge-inner\"><span class=\"post-date-day\">18<\/span><br \/>\n<span class=\"post-date-month is-small\">Th4<\/span><\/div>\n<\/div>\n<\/div>\n<\/header>\n<div class=\"entry-content single-page\">\n<p data-start=\"222\" data-end=\"504\">B\u1ea1n \u0111ang t\u00ecm ki\u1ebfm\u00a0<strong data-start=\"240\" data-end=\"279\">d\u1ee5ng c\u1ee5 c\u1ea7u l\u00f4ng ch\u00ednh h\u00e3ng gi\u00e1 t\u1ed1t<\/strong>? \u0110\u00e2y ch\u00ednh l\u00e0 c\u01a1 h\u1ed9i kh\u00f4ng th\u1ec3 b\u1ecf l\u1ee1! Ch\u01b0\u01a1ng tr\u00ecnh\u00a0<strong data-start=\"331\" data-end=\"363\">SALE OFF b\u1ed9 s\u01b0u t\u1eadp c\u1ea7u l\u00f4ng<\/strong>\u00a0\u0111ang di\u1ec5n ra v\u1edbi m\u1ee9c \u01b0u \u0111\u00e3i c\u1ef1c h\u1ea5p d\u1eabn t\u1eeb\u00a0<strong data-start=\"407\" data-end=\"420\">20% \u2013 70%<\/strong>, n\u1ed5i b\u1eadt l\u00e0 h\u00e0ng lo\u1ea1t s\u1ea3n ph\u1ea9m \u0111ang \u0111\u01b0\u1ee3c\u00a0<strong data-start=\"462\" data-end=\"478\">gi\u1ea3m gi\u00e1 40%<\/strong>\u00a0trong th\u1eddi gian gi\u1edbi h\u1ea1n.<\/p>\n<p data-start=\"506\" data-end=\"662\">D\u00f9 b\u1ea1n l\u00e0 ng\u01b0\u1eddi m\u1edbi b\u1eaft \u0111\u1ea7u hay v\u1eadn \u0111\u1ed9ng vi\u00ean chuy\u00ean nghi\u1ec7p, \u0111\u00e2y l\u00e0 th\u1eddi \u0111i\u1ec3m ho\u00e0n h\u1ea3o \u0111\u1ec3\u00a0<strong data-start=\"596\" data-end=\"634\">n\u00e2ng c\u1ea5p to\u00e0n b\u1ed9 trang b\u1ecb c\u1ea7u l\u00f4ng<\/strong>\u00a0v\u1edbi chi ph\u00ed ti\u1ebft ki\u1ec7m nh\u1ea5t.<\/p>\n<hr data-start=\"664\" data-end=\"667\" \/>\n<h2 data-section-id=\"1qupure\" data-start=\"669\" data-end=\"708\"><\/h2>\n<h2 data-section-id=\"1qupure\" data-start=\"669\" data-end=\"708\"><img decoding=\"async\" class=\"emoji\" role=\"img\" draggable=\"false\" src=\"https:\/\/s.w.org\/images\/core\/emoji\/17.0.2\/svg\/1f3f8.svg\" alt=\"\ud83c\udff8\" \/>\u00a0T\u1ed4NG QUAN CH\u01af\u01a0NG TR\u00ccNH KHUY\u1ebeN M\u00c3I<\/h2>\n<ul data-start=\"710\" data-end=\"888\">\n<li data-section-id=\"e7yc0p\" data-start=\"710\" data-end=\"759\"><img decoding=\"async\" class=\"emoji\" role=\"img\" draggable=\"false\" src=\"https:\/\/s.w.org\/images\/core\/emoji\/17.0.2\/svg\/1f525.svg\" alt=\"\ud83d\udd25\" \/>\u00a0Gi\u1ea3m gi\u00e1 t\u1eeb\u00a0<strong data-start=\"727\" data-end=\"759\">20% \u2013 70% OFF (Limited Time)<\/strong><\/li>\n<li data-section-id=\"18eio3u\" data-start=\"760\" data-end=\"804\"><img decoding=\"async\" class=\"emoji\" role=\"img\" draggable=\"false\" src=\"https:\/\/s.w.org\/images\/core\/emoji\/17.0.2\/svg\/1f3af.svg\" alt=\"\ud83c\udfaf\" \/>\u00a0Nhi\u1ec1u s\u1ea3n ph\u1ea9m n\u1ed5i b\u1eadt gi\u1ea3m\u00a0<strong data-start=\"793\" data-end=\"804\">\u0111\u1ebfn 40%<\/strong><\/li>\n<li data-section-id=\"1uh204a\" data-start=\"805\" data-end=\"847\"><img decoding=\"async\" class=\"emoji\" role=\"img\" draggable=\"false\" src=\"https:\/\/s.w.org\/images\/core\/emoji\/17.0.2\/svg\/23f0.svg\" alt=\"\u23f0\" \/>\u00a0Th\u1eddi gian c\u00f3 h\u1ea1n \u2013 s\u1ed1 l\u01b0\u1ee3ng gi\u1edbi h\u1ea1n<\/li>\n<li data-section-id=\"1nreyii\" data-start=\"848\" data-end=\"888\"><img decoding=\"async\" class=\"emoji\" role=\"img\" draggable=\"false\" src=\"https:\/\/s.w.org\/images\/core\/emoji\/17.0.2\/svg\/1f69a.svg\" alt=\"\ud83d\ude9a\" \/>\u00a0Giao h\u00e0ng nhanh, h\u1ed7 tr\u1ee3 to\u00e0n qu\u1ed1c<\/li>\n<\/ul>\n<p data-start=\"890\" data-end=\"972\"><img decoding=\"async\" class=\"emoji\" role=\"img\" draggable=\"false\" src=\"https:\/\/s.w.org\/images\/core\/emoji\/17.0.2\/svg\/1f449.svg\" alt=\"\ud83d\udc49\" \/>\u00a0\u0110\u00e2y l\u00e0 m\u1ed9t trong nh\u1eefng \u0111\u1ee3t sale l\u1edbn nh\u1ea5t d\u00e0nh cho c\u1ed9ng \u0111\u1ed3ng y\u00eau th\u00edch c\u1ea7u l\u00f4ng.<\/p>\n<hr data-start=\"974\" data-end=\"977\" \/>\n<h2 data-section-id=\"1gbv64y\" data-start=\"979\" data-end=\"1013\"><img decoding=\"async\" class=\"emoji\" role=\"img\" draggable=\"false\" src=\"https:\/\/s.w.org\/images\/core\/emoji\/17.0.2\/svg\/1f6cd.svg\" alt=\"\ud83d\udecd\ufe0f\" \/>\u00a0DANH M\u1ee4C S\u1ea2N PH\u1ea8M \u0110ANG SALE<\/h2>\n<h3 data-section-id=\"2qpb41\" data-start=\"1015\" data-end=\"1045\"><img decoding=\"async\" class=\"emoji\" role=\"img\" draggable=\"false\" src=\"https:\/\/s.w.org\/images\/core\/emoji\/17.0.2\/svg\/1f3f8.svg\" alt=\"\ud83c\udff8\" \/>\u00a0V\u1ee3t c\u1ea7u l\u00f4ng ch\u00ednh h\u00e3ng<\/h3>\n<p data-start=\"1046\" data-end=\"1152\">C\u00e1c d\u00f2ng v\u1ee3t t\u1eeb ph\u1ed5 th\u00f4ng \u0111\u1ebfn cao c\u1ea5p, thi\u1ebft k\u1ebf hi\u1ec7n \u0111\u1ea1i, t\u1ed1i \u01b0u l\u1ef1c \u0111\u00e1nh v\u00e0 ki\u1ec3m so\u00e1t c\u1ea7u.<br data-start=\"1137\" data-end=\"1140\" \/>Ph\u00f9 h\u1ee3p cho:<\/p>\n<ul data-start=\"1153\" data-end=\"1229\">\n<li data-section-id=\"67asah\" data-start=\"1153\" data-end=\"1171\">Ng\u01b0\u1eddi m\u1edbi ch\u01a1i<\/li>\n<li data-section-id=\"ji9ecx\" data-start=\"1172\" data-end=\"1197\">Ng\u01b0\u1eddi ch\u01a1i phong tr\u00e0o<\/li>\n<li data-section-id=\"1h9r397\" data-start=\"1198\" data-end=\"1229\">V\u1eadn \u0111\u1ed9ng vi\u00ean chuy\u00ean nghi\u1ec7p<\/li>\n<\/ul>\n<p data-start=\"1231\" data-end=\"1302\"><img decoding=\"async\" class=\"emoji\" role=\"img\" draggable=\"false\" src=\"https:\/\/s.w.org\/images\/core\/emoji\/17.0.2\/svg\/1f449.svg\" alt=\"\ud83d\udc49\" \/>\u00a0Gi\u1ea3m s\u00e2u gi\u00fap b\u1ea1n d\u1ec5 d\u00e0ng s\u1edf h\u1eefu\u00a0<strong data-start=\"1267\" data-end=\"1301\">v\u1ee3t ch\u1ea5t l\u01b0\u1ee3ng v\u1edbi gi\u00e1 c\u1ef1c t\u1ed1t<\/strong>.<\/p>\n<hr data-start=\"1304\" data-end=\"1307\" \/>\n<h3 data-section-id=\"pfuod4\" data-start=\"1309\" data-end=\"1341\"><img decoding=\"async\" class=\"emoji\" role=\"img\" draggable=\"false\" src=\"https:\/\/s.w.org\/images\/core\/emoji\/17.0.2\/svg\/1f45f.svg\" alt=\"\ud83d\udc5f\" \/>\u00a0Gi\u00e0y c\u1ea7u l\u00f4ng chuy\u00ean d\u1ee5ng<\/h3>\n<p data-start=\"1342\" data-end=\"1385\">Gi\u00e0y \u0111\u01b0\u1ee3c thi\u1ebft k\u1ebf chuy\u00ean bi\u1ec7t cho s\u00e2n c\u1ea7u:<\/p>\n<ul data-start=\"1386\" data-end=\"1476\">\n<li data-section-id=\"1vyb20p\" data-start=\"1386\" data-end=\"1417\">\u0110\u1ebf ch\u1ed1ng tr\u01b0\u1ee3t, b\u00e1m s\u00e2n t\u1ed1t<\/li>\n<li data-section-id=\"ag0yws\" data-start=\"1418\" data-end=\"1440\">Gi\u1ea3m ch\u1ea5n hi\u1ec7u qu\u1ea3<\/li>\n<li data-section-id=\"1adx3pe\" data-start=\"1441\" data-end=\"1476\">T\u0103ng \u0111\u1ed9 linh ho\u1ea1t khi di chuy\u1ec3n<\/li>\n<\/ul>\n<p data-start=\"1478\" data-end=\"1562\"><img decoding=\"async\" class=\"emoji\" role=\"img\" draggable=\"false\" src=\"https:\/\/s.w.org\/images\/core\/emoji\/17.0.2\/svg\/1f449.svg\" alt=\"\ud83d\udc49\" \/>\u00a0M\u1ed9t \u0111\u00f4i gi\u00e0y t\u1ed1t s\u1ebd gi\u00fap b\u1ea1n\u00a0<strong data-start=\"1510\" data-end=\"1561\">tr\u00e1nh ch\u1ea5n th\u01b0\u01a1ng v\u00e0 n\u00e2ng cao hi\u1ec7u su\u1ea5t thi \u0111\u1ea5u<\/strong>.<\/p>\n<hr data-start=\"1564\" data-end=\"1567\" \/>\n<h3 data-section-id=\"14ozpwz\" data-start=\"1569\" data-end=\"1604\"><img decoding=\"async\" class=\"emoji\" role=\"img\" draggable=\"false\" src=\"https:\/\/s.w.org\/images\/core\/emoji\/17.0.2\/svg\/1f455.svg\" alt=\"\ud83d\udc55\" \/>\u00a0Trang ph\u1ee5c th\u1ec3 thao c\u1ea7u l\u00f4ng<\/h3>\n<ul data-start=\"1605\" data-end=\"1713\">\n<li data-section-id=\"ytfzr9\" data-start=\"1605\" data-end=\"1646\">Ch\u1ea5t li\u1ec7u tho\u00e1ng kh\u00ed, th\u1ea5m h\u00fat m\u1ed3 h\u00f4i<\/li>\n<li data-section-id=\"q1dn2k\" data-start=\"1647\" data-end=\"1680\">Thi\u1ebft k\u1ebf tr\u1ebb trung, n\u0103ng \u0111\u1ed9ng<\/li>\n<li data-section-id=\"1dd1yr4\" data-start=\"1681\" data-end=\"1713\">Ph\u00f9 h\u1ee3p luy\u1ec7n t\u1eadp v\u00e0 thi \u0111\u1ea5u<\/li>\n<\/ul>\n<p data-start=\"1715\" data-end=\"1774\"><img decoding=\"async\" class=\"emoji\" role=\"img\" draggable=\"false\" src=\"https:\/\/s.w.org\/images\/core\/emoji\/17.0.2\/svg\/1f449.svg\" alt=\"\ud83d\udc49\" \/>\u00a0V\u1eeba \u0111\u1ea3m b\u1ea3o hi\u1ec7u n\u0103ng, v\u1eeba gi\u00fap b\u1ea1n\u00a0<strong data-start=\"1754\" data-end=\"1773\">t\u1ef1 tin tr\u00ean s\u00e2n<\/strong>.<\/p>\n<hr data-start=\"1776\" data-end=\"1779\" \/>\n<h3 data-section-id=\"1auuwqv\" data-start=\"1781\" data-end=\"1812\"><img decoding=\"async\" class=\"emoji\" role=\"img\" draggable=\"false\" src=\"https:\/\/s.w.org\/images\/core\/emoji\/17.0.2\/svg\/1f392.svg\" alt=\"\ud83c\udf92\" \/>\u00a0Ph\u1ee5 ki\u1ec7n c\u1ea7u l\u00f4ng \u0111\u1ea7y \u0111\u1ee7<\/h3>\n<ul data-start=\"1813\" data-end=\"1882\">\n<li data-section-id=\"qhvft3\" data-start=\"1813\" data-end=\"1829\">T\u00fai \u0111\u1ef1ng v\u1ee3t<\/li>\n<li data-section-id=\"y8zzzn\" data-start=\"1830\" data-end=\"1852\">Qu\u1ea5n c\u00e1n, d\u00e2y c\u01b0\u1edbc<\/li>\n<li data-section-id=\"17a2332\" data-start=\"1853\" data-end=\"1882\">B\u0103ng c\u1ed5 tay, t\u1ea5t th\u1ec3 thao<\/li>\n<\/ul>\n<p data-start=\"1884\" data-end=\"1952\"><img decoding=\"async\" class=\"emoji\" role=\"img\" draggable=\"false\" src=\"https:\/\/s.w.org\/images\/core\/emoji\/17.0.2\/svg\/1f449.svg\" alt=\"\ud83d\udc49\" \/>\u00a0Ho\u00e0n thi\u1ec7n b\u1ed9 gear c\u1ea7u l\u00f4ng chuy\u00ean nghi\u1ec7p ch\u1ec9 v\u1edbi chi ph\u00ed t\u1ed1i \u01b0u.<\/p>\n<hr data-start=\"1954\" data-end=\"1957\" \/>\n<h2 data-section-id=\"9j8cox\" data-start=\"1959\" data-end=\"1999\"><img decoding=\"async\" class=\"emoji\" role=\"img\" draggable=\"false\" src=\"https:\/\/s.w.org\/images\/core\/emoji\/17.0.2\/svg\/1f4a1.svg\" alt=\"\ud83d\udca1\" \/>\u00a0L\u1ee2I \u00cdCH KHI MUA TRONG \u0110\u1ee2T SALE N\u00c0Y<\/h2>\n<h3 data-section-id=\"1us2hmm\" data-start=\"2001\" data-end=\"2032\"><img decoding=\"async\" class=\"emoji\" role=\"img\" draggable=\"false\" src=\"https:\/\/s.w.org\/images\/core\/emoji\/17.0.2\/svg\/1f4b0.svg\" alt=\"\ud83d\udcb0\" \/>\u00a0Ti\u1ebft ki\u1ec7m chi ph\u00ed t\u1ed1i \u0111a<\/h3>\n<p data-start=\"2033\" data-end=\"2063\">M\u1ee9c gi\u1ea3m l\u00ean \u0111\u1ebfn 70% gi\u00fap b\u1ea1n:<\/p>\n<ul data-start=\"2064\" data-end=\"2141\">\n<li data-section-id=\"n7xy6m\" data-start=\"2064\" data-end=\"2095\">Mua \u0111\u01b0\u1ee3c nhi\u1ec1u s\u1ea3n ph\u1ea9m h\u01a1n<\/li>\n<li data-section-id=\"1l3gfq5\" data-start=\"2096\" data-end=\"2141\">Tr\u1ea3i nghi\u1ec7m s\u1ea3n ph\u1ea9m cao c\u1ea5p v\u1edbi gi\u00e1 th\u1ea5p<\/li>\n<\/ul>\n<hr data-start=\"2143\" data-end=\"2146\" \/>\n<h3 data-section-id=\"egrf2n\" data-start=\"2148\" data-end=\"2177\"><img decoding=\"async\" class=\"emoji\" role=\"img\" draggable=\"false\" src=\"https:\/\/s.w.org\/images\/core\/emoji\/17.0.2\/svg\/2705.svg\" alt=\"\u2705\" \/>\u00a0Cam k\u1ebft h\u00e0ng ch\u00ednh h\u00e3ng<\/h3>\n<ul data-start=\"2178\" data-end=\"2258\">\n<li data-section-id=\"3ggc0p\" data-start=\"2178\" data-end=\"2203\">S\u1ea3n ph\u1ea9m r\u00f5 ngu\u1ed3n g\u1ed1c<\/li>\n<li data-section-id=\"ovyw39\" data-start=\"2204\" data-end=\"2226\">Ch\u1ea5t l\u01b0\u1ee3ng \u0111\u1ea3m b\u1ea3o<\/li>\n<li data-section-id=\"5ou8x9\" data-start=\"2227\" data-end=\"2258\">\u0110\u1ed9 b\u1ec1n cao, s\u1eed d\u1ee5ng l\u00e2u d\u00e0i<\/li>\n<\/ul>\n<hr data-start=\"2260\" data-end=\"2263\" \/>\n<h3 data-section-id=\"1vlqula\" data-start=\"2265\" data-end=\"2306\"><img decoding=\"async\" class=\"emoji\" role=\"img\" draggable=\"false\" src=\"https:\/\/s.w.org\/images\/core\/emoji\/17.0.2\/svg\/1f680.svg\" alt=\"\ud83d\ude80\" \/>\u00a0N\u00e2ng cao tr\u1ea3i nghi\u1ec7m ch\u01a1i c\u1ea7u l\u00f4ng<\/h3>\n<p data-start=\"2307\" data-end=\"2332\">Trang b\u1ecb t\u1ed1t s\u1ebd gi\u00fap b\u1ea1n:<\/p>\n<ul data-start=\"2333\" data-end=\"2411\">\n<li data-section-id=\"1t8rtjz\" data-start=\"2333\" data-end=\"2355\">C\u1ea3i thi\u1ec7n k\u1ef9 thu\u1eadt<\/li>\n<li data-section-id=\"m6q5vq\" data-start=\"2356\" data-end=\"2382\">T\u0103ng hi\u1ec7u su\u1ea5t thi \u0111\u1ea5u<\/li>\n<li data-section-id=\"o1pij\" data-start=\"2383\" data-end=\"2411\">Gi\u1ea3m nguy c\u01a1 ch\u1ea5n th\u01b0\u01a1ng<\/li>\n<\/ul>\n<hr data-start=\"2413\" data-end=\"2416\" \/>\n<h2 data-section-id=\"42ffc0\" data-start=\"2418\" data-end=\"2452\"><img decoding=\"async\" class=\"emoji\" role=\"img\" draggable=\"false\" src=\"https:\/\/s.w.org\/images\/core\/emoji\/17.0.2\/svg\/1f525.svg\" alt=\"\ud83d\udd25\" \/>\u00a0V\u00cc SAO CH\u01af\u01a0NG TR\u00ccNH N\u00c0Y HOT?<\/h2>\n<p data-start=\"2454\" data-end=\"2508\">Kh\u00f4ng gi\u1ed1ng c\u00e1c \u0111\u1ee3t sale nh\u1ecf l\u1ebb, ch\u01b0\u01a1ng tr\u00ecnh l\u1ea7n n\u00e0y:<\/p>\n<ul data-start=\"2509\" data-end=\"2592\">\n<li data-section-id=\"46d45x\" data-start=\"2509\" data-end=\"2545\">\u00c1p d\u1ee5ng tr\u00ean nhi\u1ec1u d\u00f2ng s\u1ea3n ph\u1ea9m<\/li>\n<li data-section-id=\"1ezr1m0\" data-start=\"2546\" data-end=\"2570\">M\u1ee9c gi\u1ea3m s\u00e2u hi\u1ebfm c\u00f3<\/li>\n<li data-section-id=\"18qikyv\" data-start=\"2571\" data-end=\"2592\">S\u1ed1 l\u01b0\u1ee3ng gi\u1edbi h\u1ea1n<\/li>\n<\/ul>\n<p data-start=\"2594\" data-end=\"2672\"><img decoding=\"async\" class=\"emoji\" role=\"img\" draggable=\"false\" src=\"https:\/\/s.w.org\/images\/core\/emoji\/17.0.2\/svg\/1f449.svg\" alt=\"\ud83d\udc49\" \/>\u00a0V\u00ec v\u1eady, c\u00e1c s\u1ea3n ph\u1ea9m \u201chot\u201d c\u00f3 th\u1ec3\u00a0<strong data-start=\"2631\" data-end=\"2654\">ch\u00e1y h\u00e0ng r\u1ea5t nhanh<\/strong>\u00a0ch\u1ec9 sau v\u00e0i ng\u00e0y.<\/p>\n<hr data-start=\"2674\" data-end=\"2677\" \/>\n<h2 data-section-id=\"1wsx4go\" data-start=\"2679\" data-end=\"2714\"><img decoding=\"async\" class=\"emoji\" role=\"img\" draggable=\"false\" src=\"https:\/\/s.w.org\/images\/core\/emoji\/17.0.2\/svg\/26a1.svg\" alt=\"\u26a1\" \/>\u00a0H\u01af\u1edaNG D\u1eaaN MUA H\u00c0NG NHANH CH\u00d3NG<\/h2>\n<ol data-start=\"2716\" data-end=\"2835\">\n<li data-section-id=\"1d8sc2w\" data-start=\"2716\" data-end=\"2750\">Ch\u1ecdn s\u1ea3n ph\u1ea9m ph\u00f9 h\u1ee3p nhu c\u1ea7u<\/li>\n<li data-section-id=\"2fxljv\" data-start=\"2751\" data-end=\"2773\">Th\u00eam v\u00e0o gi\u1ecf h\u00e0ng<\/li>\n<li data-section-id=\"rj0qru\" data-start=\"2774\" data-end=\"2802\">\u00c1p d\u1ee5ng \u01b0u \u0111\u00e3i (n\u1ebfu c\u00f3)<\/li>\n<li data-section-id=\"2fczn5\" data-start=\"2803\" data-end=\"2835\">Thanh to\u00e1n v\u00e0 ch\u1edd giao h\u00e0ng<\/li>\n<\/ol>\n<p data-start=\"2837\" data-end=\"2930\"><img decoding=\"async\" class=\"emoji\" role=\"img\" draggable=\"false\" src=\"https:\/\/s.w.org\/images\/core\/emoji\/17.0.2\/svg\/1f449.svg\" alt=\"\ud83d\udc49\" \/>\u00a0Ch\u1ec9 v\u00e0i b\u01b0\u1edbc \u0111\u01a1n gi\u1ea3n, b\u1ea1n \u0111\u00e3 s\u1edf h\u1eefu ngay\u00a0<strong data-start=\"2882\" data-end=\"2929\">d\u1ee5ng c\u1ee5 c\u1ea7u l\u00f4ng ch\u1ea5t l\u01b0\u1ee3ng v\u1edbi gi\u00e1 c\u1ef1c t\u1ed1t<\/strong>.<\/p>\n<hr data-start=\"2932\" data-end=\"2935\" \/>\n<h2 data-section-id=\"kna49k\" data-start=\"2937\" data-end=\"2966\"><img decoding=\"async\" class=\"emoji\" role=\"img\" draggable=\"false\" src=\"https:\/\/s.w.org\/images\/core\/emoji\/17.0.2\/svg\/1f3af.svg\" alt=\"\ud83c\udfaf\" \/>\u00a0K\u00caU G\u1eccI H\u00c0NH \u0110\u1ed8NG (CTA)<\/h2>\n<p data-start=\"2968\" data-end=\"3049\"><img decoding=\"async\" class=\"emoji\" role=\"img\" draggable=\"false\" src=\"https:\/\/s.w.org\/images\/core\/emoji\/17.0.2\/svg\/1f6a8.svg\" alt=\"\ud83d\udea8\" \/>\u00a0<strong data-start=\"2971\" data-end=\"2993\">\u0110\u1eeaNG B\u1ece L\u1ee0 C\u01a0 H\u1ed8I!<\/strong><br data-start=\"2993\" data-end=\"2996\" \/>Ch\u01b0\u01a1ng tr\u00ecnh \u01b0u \u0111\u00e3i ch\u1ec9 di\u1ec5n ra trong th\u1eddi gian ng\u1eafn.<\/p>\n<p data-start=\"3051\" data-end=\"3077\"><img decoding=\"async\" class=\"emoji\" role=\"img\" draggable=\"false\" src=\"https:\/\/s.w.org\/images\/core\/emoji\/17.0.2\/svg\/1f449.svg\" alt=\"\ud83d\udc49\" \/>\u00a0Nh\u1ea5n\u00a0<strong data-start=\"3059\" data-end=\"3073\">\u201cMUA NGAY\u201d<\/strong>\u00a0\u0111\u1ec3:<\/p>\n<ul data-start=\"3078\" data-end=\"3152\">\n<li data-section-id=\"19evwr8\" data-start=\"3078\" data-end=\"3098\">S\u0103n deal gi\u00e1 s\u1ed1c<\/li>\n<li data-section-id=\"6w2gou\" data-start=\"3099\" data-end=\"3126\">Ch\u1ecdn s\u1ea3n ph\u1ea9m y\u00eau th\u00edch<\/li>\n<li data-section-id=\"jnsmik\" data-start=\"3127\" data-end=\"3152\">Nh\u1eadn h\u00e0ng nhanh ch\u00f3ng<\/li>\n<\/ul>\n<div class=\"blog-share text-center\"><\/div>\n<\/div>\n","protected":false},"excerpt":{"rendered":"<p>18 Th4 B\u1ea1n \u0111ang t\u00ecm ki\u1ebfm\u00a0d\u1ee5ng c\u1ee5 c\u1ea7u l\u00f4ng ch\u00ednh h\u00e3ng gi\u00e1 t\u1ed1t? \u0110\u00e2y ch\u00ednh l\u00e0 c\u01a1 h\u1ed9i kh\u00f4ng th\u1ec3 b\u1ecf l\u1ee1! Ch\u01b0\u01a1ng tr\u00ecnh\u00a0SALE OFF b\u1ed9 s\u01b0u t\u1eadp c\u1ea7u l\u00f4ng\u00a0\u0111ang di\u1ec5n ra v\u1edbi m\u1ee9c \u01b0u \u0111\u00e3i c\u1ef1c h\u1ea5p d\u1eabn t\u1eeb\u00a020% \u2013 70%, n\u1ed5i b\u1eadt l\u00e0 h\u00e0ng lo\u1ea1t s\u1ea3n ph\u1ea9m \u0111ang \u0111\u01b0\u1ee3c\u00a0gi\u1ea3m gi\u00e1 40%\u00a0trong th\u1eddi gian [&#8230;]\n","protected":false},"author":1,"featured_media":0,"parent":0,"menu_order":0,"comment_status":"closed","ping_status":"closed","template":"","meta":{"footnotes":""},"class_list":["post-57","page","type-page","status-publish","hentry"],"_links":{"self":[{"href":"https:\/\/duyquan.azdigi.shop\/index.php\/wp-json\/wp\/v2\/pages\/57","targetHints":{"allow":["GET"]}}],"collection":[{"href":"https:\/\/duyquan.azdigi.shop\/index.php\/wp-json\/wp\/v2\/pages"}],"about":[{"href":"https:\/\/duyquan.azdigi.shop\/index.php\/wp-json\/wp\/v2\/types\/page"}],"author":[{"embeddable":true,"href":"https:\/\/duyquan.azdigi.shop\/index.php\/wp-json\/wp\/v2\/users\/1"}],"replies":[{"embeddable":true,"href":"https:\/\/duyquan.azdigi.shop\/index.php\/wp-json\/wp\/v2\/comments?post=57"}],"version-history":[{"count":1,"href":"https:\/\/duyquan.azdigi.shop\/index.php\/wp-json\/wp\/v2\/pages\/57\/revisions"}],"predecessor-version":[{"id":58,"href":"https:\/\/duyquan.azdigi.shop\/index.php\/wp-json\/wp\/v2\/pages\/57\/revisions\/58"}],"wp:attachment":[{"href":"https:\/\/duyquan.azdigi.shop\/index.php\/wp-json\/wp\/v2\/media?parent=57"}],"curies":[{"name":"wp","href":"https:\/\/api.w.org\/{rel}","templated":true}]}}