{"id":49,"date":"2026-05-04T17:12:57","date_gmt":"2026-05-04T17:12:57","guid":{"rendered":"https:\/\/duyquan.azdigi.shop\/?page_id=49"},"modified":"2026-05-04T17:12:57","modified_gmt":"2026-05-04T17:12:57","slug":"gioi-thieu-ve-nhom-3-the-thao","status":"publish","type":"page","link":"https:\/\/duyquan.azdigi.shop\/index.php\/gioi-thieu-ve-nhom-3-the-thao\/","title":{"rendered":"GI\u1edaI THI\u1ec6U V\u1ec0 NHOM 3 THE THAO"},"content":{"rendered":"<p><a href=\"http:\/\/duyquan.azdigi.shop\/\"><img loading=\"lazy\" decoding=\"async\" class=\"aligncenter wp-image-48\" src=\"https:\/\/duyquan.azdigi.shop\/wp-content\/uploads\/2026\/05\/tai-xuong-300x163.png\" alt=\"\" width=\"342\" height=\"186\" srcset=\"https:\/\/duyquan.azdigi.shop\/wp-content\/uploads\/2026\/05\/tai-xuong-300x163.png 300w, https:\/\/duyquan.azdigi.shop\/wp-content\/uploads\/2026\/05\/tai-xuong-768x418.png 768w, https:\/\/duyquan.azdigi.shop\/wp-content\/uploads\/2026\/05\/tai-xuong-600x327.png 600w, https:\/\/duyquan.azdigi.shop\/wp-content\/uploads\/2026\/05\/tai-xuong.png 995w\" sizes=\"auto, (max-width: 342px) 100vw, 342px\" \/><\/a><\/p>\n<p>Th\u00e1ng 12\/2011, Forum https:\/\/www.vnbadminton.com\/ \u0111\u01b0\u1ee3c th\u00e0nh l\u1eadp, \u0111\u00e2y l\u00e0 website cung c\u1ea5p nh\u1eefng th\u00f4ng tin chuy\u00ean nghi\u1ec7p v\u1ec1 tin t\u1ee9c v\u00e0 di\u1ec5n \u0111\u00e0n c\u1ea7u l\u00f4ng. Nh\u1eadn th\u1ea5y s\u1ef1 ph\u00e1t tri\u1ec3n c\u1ee7a c\u1ea7u l\u00f4ng trong n\u01b0\u1edbc, b\u00ean c\u1ea1nh \u0111\u00f3 l\u00e0 mong mu\u1ed1n ph\u1ee5c v\u1ee5 t\u1ed1t h\u01a1n cho th\u00e0nh vi\u00ean v\u00e0 nh\u1eefng b\u1ea1n y\u00eau m\u1ebfn c\u1ea7u l\u00f4ng. Th\u00e1ng 12\/2012, Ban Qu\u1ea3n Tr\u1ecb HOM 3 THE THAO \u0111\u00e3 m\u1ea1nh d\u1ea1n x\u00e2y d\u1ef1ng Shop c\u1ea7u l\u00f4ng NHOM 3 THE THAO (<a href=\"http:\/\/duyquan.azdigi.shop\/\">http:\/\/duyquan.azdigi.shop\/<\/a>) \u0111\u1ec3 c\u00f3 th\u1ec3 l\u00e0m \u0111\u01b0\u1ee3c vai tr\u00f2 n\u00e0y. V\u1edbi kinh nghi\u1ec7m nhi\u1ec1u n\u0103m ho\u1ea1t \u0111\u1ed9ng trong l\u0129nh v\u1ef1c c\u1ea7u l\u00f4ng, \u0111\u1ebfn v\u1edbi shopvnb b\u1ea1n s\u1ebd y\u00ean t\u00e2m v\u1ec1 ch\u1ea5t l\u01b0\u1ee3ng s\u1ea3n ph\u1ea9m, \u0111\u1ed9i ng\u0169 t\u01b0 v\u1ea5n s\u1ea3n ph\u1ea9m chuy\u00ean nghi\u1ec7p v\u00e0 gi\u00e1 c\u1ea3 h\u1ee3p l\u00fd.<\/p>\n<p>B\u00ean c\u1ea1nh m\u1ed9t website chuy\u00ean nghi\u1ec7p th\u00ec Shop ONE c\u00f2n ph\u00e1t tri\u1ec3n th\u00eam 1 k\u00eanh fanpage https:\/\/www.facebook.com\/caulongvnbadminton\/\u00a0\u0111\u1ec3 cung c\u1ea5p th\u00f4ng tin nhanh h\u01a1n cho th\u00e0nh vi\u00ean y\u00eau m\u1ebfn c\u1ea7u l\u00f4ng. Ch\u00ednh s\u1ef1 chuy\u00ean nghi\u1ec7p n\u00e0y \u0111\u00e3 \u0111\u01b0\u1ee3c t\u1ea1o \u0111\u01b0\u1ee3c uy t\u00edn r\u1ea5t l\u1edbn trong c\u1ed9ng \u0111\u1ed3ng y\u00eau m\u1ebfn c\u1ea7u l\u00f4ng trong v\u00e0 ngo\u00e0i n\u01b0\u1edbc.<\/p>\n<p>Hi\u1ec7n nay, H\u1ec7 th\u1ed1ng c\u1eeda h\u00e0ng c\u1ea7u l\u00f4ng NHOM 3 THE THAO \u0111\u00e3 c\u00f3 h\u01a1n 50 chi nh\u00e1nh tr\u1ea3i d\u00e0i tr\u00ean kh\u1eafp m\u1ecdi mi\u1ec1n \u0110\u1ea5t n\u01b0\u1edbc. V\u1edbi ti\u00eau ch\u00ed lu\u00f4n \u0111\u1ea3m b\u1ea3o cung c\u1ea5p \u0111\u1ea7y \u0111\u1ee7 c\u00e1c m\u1eb7t h\u00e0ng chuy\u00ean d\u1ee5ng d\u00e0nh ri\u00eang cho b\u1ed9 m\u00f4n c\u1ea7u l\u00f4ng nh\u01b0 gi\u00e0y, v\u1ee3t c\u1ea7u l\u00f4ng, t\u00fai v\u1ee3t, balo, qu\u1ea7n \u00e1o, ph\u1ee5 ki\u1ec7n,\u2026 n\u1ed5i tr\u1ed9i v\u1edbi nhi\u1ec1u ph\u00e2n kh\u00fac gi\u00e1 tr\u1ea3i d\u00e0i t\u1eeb th\u1ea5p \u0111\u1ebfn cao n\u00ean c\u00e1c l\u00f4ng th\u1ee7 c\u1ea7n mua g\u00ec c\u1ee9 \u0111\u1ebfn ngay v\u1edbi ShopVNB, ch\u1eafc ch\u1eafn s\u1ebd l\u00e0m c\u00e1c b\u1ea1n v\u00f4 c\u00f9ng h\u00e0i l\u00f2ng.<\/p>\n<p>NHOM 3 THE THAO lu\u00f4n l\u00e0 n\u01a1i cung c\u1ea5p nhanh nh\u1ea5t c\u00e1c m\u1eb7t h\u00e0ng hot \u0111\u1ebfn t\u1eeb nh\u1eefng th\u01b0\u01a1ng hi\u1ec7u top \u0111\u1ea7u th\u1ebf gi\u1edbi nh\u01b0 Yonex, Lining, Victor, Mizuno,\u2026 Kh\u00f4ng nh\u1eefng v\u1eady c\u00e1c s\u1ea3n ph\u1ea9m \u0111\u1ebfn t\u1eeb c\u00e1c h\u00e3ng t\u1ea7m trung v\u00e0 gi\u00e1 r\u1ebb nh\u01b0 Adidas, Forza, Apacs, VNB, Kamito,\u2026 Shop c\u1ea7u l\u00f4ng VNB c\u0169ng lu\u00f4n cung c\u1ea5p \u0111\u1ea7y \u0111\u1ee7 v\u00e0 m\u1eabu m\u00e3 r\u1ea5t \u0111a d\u1ea1ng.<\/p>\n<p>* \u0110\u1eb7c bi\u1ec7t, ShopVNB l\u00e0 \u0111\u1ecba ch\u1ec9 n\u1ed5i ti\u1ebfng c\u0103ng v\u1ee3t c\u1ea7u l\u00f4ng chu\u1ea9n\u00a0nh\u1ea5t \u1edf Vi\u1ec7t Nam. T\u1ea5t c\u1ea3 c\u00e1c c\u1eeda h\u00e0ng \u0111\u01b0\u1ee3c trang b\u1ecb m\u00e1y \u0111an v\u1ee3t \u0111i\u1ec7n t\u1eed cao c\u1ea5p c\u00f9ng nh\u00e2n vi\u00ean \u1edf shop\u00a0lu\u00f4n \u0111\u01b0\u1ee3c trau d\u1ed3i li\u00ean t\u1ee5c c\u00e1c k\u0129 thu\u1eadt \u0111an v\u1ee3t h\u00e0ng \u0111\u1ea7u tr\u00ean th\u1ebf gi\u1edbi.<\/p>\n<p><strong>T\u1ea6M NH\u00ccN, S\u1ee8 M\u1ec6NH V\u00c0 GI\u00c1 TR\u1eca C\u1ed0T L\u00d5I C\u1ee6A NHOM 3 THE THAO<\/strong><\/p>\n<p><strong>T\u1ea6M NH\u00ccN<\/strong>: \u00a0\u201cTr\u1edf th\u00e0nh nh\u00e0 ph\u00e2n ph\u1ed1i v\u00e0 s\u1ea3n xu\u1ea5t th\u1ec3 thao l\u1edbn nh\u1ea5t Vi\u1ec7t Nam\u201d<\/p>\n<p>\u2013 Tr\u1edf th\u00e0nh \u0111\u01a1n v\u1ecb d\u1eabn \u0111\u1ea7u c\u1ea3 n\u01b0\u1edbc trong l\u0129nh v\u1ef1c th\u1ec3 thao, gi\u00fap n\u00e2ng cao s\u1ee9c kh\u1ecfe c\u1ed9ng \u0111\u1ed3ng.<\/p>\n<p>\u2013 T\u1ef1 l\u1ef1c s\u1ea3n xu\u1ea5t c\u00e1c s\u1ea3n ph\u1ea9m ch\u1ea5t l\u01b0\u1ee3ng cao, ph\u00f9 h\u1ee3p v\u1edbi nhu c\u1ea7u c\u1ee7a ng\u01b0\u1eddi Vi\u1ec7t.<\/p>\n<p>\u2013 X\u00e2y d\u1ef1ng h\u1ec7 th\u1ed1ng c\u1eeda h\u00e0ng r\u1ed9ng kh\u1eafp 64 t\u1ec9nh th\u00e0nh.<\/p>\n<p><strong>S\u1ee8 M\u1ec6NH<\/strong>: \u201cNHOM 3 SPORTS cam k\u1ebft mang \u0111\u1ebfn nh\u1eefng s\u1ea3n ph\u1ea9m, d\u1ecbch v\u1ee5 ch\u1ea5t l\u01b0\u1ee3ng t\u1ed1t nh\u1ea5t ph\u1ee5c v\u1ee5 cho ng\u01b0\u1eddi ch\u01a1i th\u1ec3 thao \u0111\u1ec3 n\u00e2ng cao s\u1ee9c kh\u1ecfe c\u1ee7a ch\u00ednh m\u00ecnh.\u201d<\/p>\n<p><strong>\u0110\u1ed1i v\u1edbi th\u1ecb tr\u01b0\u1eddng<\/strong>: Tr\u1edf th\u00e0nh Th\u01b0\u01a1ng hi\u1ec7u c\u1ea7u l\u00f4ng c\u1ee7a ng\u01b0\u1eddi Vi\u1ec7t, cung c\u1ea5p nh\u1eefng s\u1ea3n ph\u1ea9m c\u1ea7u l\u00f4ng ch\u1ea5t l\u01b0\u1ee3ng t\u1ed1t nh\u1ea5t, \u0111\u00e1p \u1ee9ng nhu c\u1ea7u luy\u1ec7n t\u1eadp c\u1ea7u l\u00f4ng v\u00e0 ch\u0103m s\u00f3c s\u1ee9c kh\u1ecfe c\u1ee7a m\u1ecdi ng\u01b0\u1eddi.<\/p>\n<p><strong>\u0110\u1ed1i v\u1edbi \u0111\u1ed1i t\u00e1c<\/strong>: \u0110\u1ec1 cao tinh th\u1ea7n h\u1ee3p t\u00e1c c\u00f9ng ph\u00e1t tri\u1ec3n; c\u00f4 g\u1eafng tr\u1edf th\u00e0nh \u201cNg\u01b0\u1eddi \u0111\u1ed3ng h\u00e0nh s\u1ed1 1\u201d c\u1ee7a c\u00e1c \u0111\u1ed1i t\u00e1c.<\/p>\n<p><strong>\u0110\u1ed1i v\u1edbi nh\u00e2n vi\u00ean<\/strong>: X\u00e2y d\u1ef1ng m\u00f4i tr\u01b0\u1eddng l\u00e0m vi\u1ec7c chuy\u00ean nghi\u1ec7p, n\u0103ng \u0111\u1ed9ng, s\u00e1ng t\u1ea1o v\u00e0 nh\u00e2n v\u0103n; t\u1ea1o \u0111i\u1ec1u ki\u1ec7n thu nh\u1eadp cao v\u00e0 c\u01a1 h\u1ed9i ph\u00e1t tri\u1ec3n c\u00f4ng b\u1eb1ng cho t\u1ea5t c\u1ea3 nh\u00e2n vi\u00ean.<\/p>\n<p><strong>\u0110\u1ed1i v\u1edbi x\u00e3 h\u1ed9i<\/strong>: H\u00e0i h\u00f2a l\u1ee3i \u00edch doanh nghi\u1ec7p v\u1edbi l\u1ee3i \u00edch x\u00e3 h\u1ed9i; \u0111\u00f3ng g\u00f3p t\u00edch c\u1ef1c v\u00e0o c\u00e1c ho\u1ea1t \u0111\u1ed9ng h\u01b0\u1edbng v\u1ec1 c\u1ed9ng \u0111\u1ed3ng, th\u1ec3 hi\u1ec7n tinh th\u1ea7n tr\u00e1ch nhi\u1ec7m c\u00f4ng d\u00e2n v\u00e0 ni\u1ec1m t\u1ef1 h\u00e0o d\u00e2n t\u1ed9c.<\/p>\n<p><strong>GI\u00c1 TR\u1eca C\u1ed0T L\u00d5I: TRUNG \u2013 T\u00cdN \u2013 T\u00c2M \u2013 TR\u00cd -NH\u00c2N C\u1ee6A NHOM 3 THE THAO<\/strong><\/p>\n<p><strong>TRUNG<\/strong>: Trung th\u1ef1c v\u1edbi Kh\u00e1ch h\u00e0ng \u2013 \u0110\u1ed1i t\u00e1c \u2013 Nh\u00e2n vi\u00ean. Th\u1ef1c hi\u1ec7n \u0111\u00fang c\u00e1c ch\u1ebf \u0111\u1ed9 \u01b0u \u0111\u00e3i, d\u1ecbch v\u1ee5 h\u1eadu m\u00e3i \u0111\u00e3 cam k\u1ebft, \u0111\u1eb7t quy\u1ec1n l\u1ee3i c\u1ee7a ng\u01b0\u1eddi ti\u00eau d\u00f9ng l\u00ean tr\u00ean h\u1ebft, ch\u00e2n th\u00e0nh ti\u1ebfp thu m\u1ecdi \u00fd ki\u1ebfn \u0111\u00f3ng g\u00f3p.<\/p>\n<p><strong>T\u00cdN<\/strong>: ONE SPORTS \u0111\u1eb7t ch\u1eef T\u00cdN l\u00ean h\u00e0ng \u0111\u1ea7u, l\u1ea5y ch\u1eef T\u00cdN l\u00e0m tr\u1ecdng t\u00e2m \u0111\u1ed1i v\u1edbi Kh\u00e1ch h\u00e0ng \u2013 \u0110\u1ed1i t\u00e1c \u2013 Nh\u00e2n vi\u00ean. ONE SPORTS lu\u00f4n n\u1ed5 l\u1ef1c h\u1ebft m\u00ecnh \u0111\u1ec3 \u0111\u1ea3m b\u1ea3o \u0111\u00fang v\u00e0 cao h\u01a1n c\u00e1c cam k\u1ebft c\u1ee7a m\u00ecnh \u0111\u1ed1i v\u1edbi kh\u00e1ch h\u00e0ng, \u0111\u1ed1i t\u00e1c; \u0111\u1eb7c bi\u1ec7t l\u00e0 cam k\u1ebft v\u1ec1 ch\u1ea5t l\u01b0\u1ee3ng- s\u1ea3n ph\u1ea9m \u2013 d\u1ecbch v\u1ee5.<\/p>\n<p><strong>T\u00c2M<\/strong>: ONE SPORTS \u0111\u1eb7t ch\u1eef T\u00c2M l\u00e0 m\u1ed9t trong nh\u1eefng n\u1ec1n t\u1ea3ng quan tr\u1ecdng c\u1ee7a vi\u1ec7c kinh doanh. Coi tr\u1ecdng kh\u00e1ch h\u00e0ng v\u00e0 lu\u00f4n l\u1ea5y kh\u00e1ch h\u00e0ng l\u00e0m trung t\u00e2m, \u0111\u1eb7t l\u1ee3i \u00edch v\u00e0 mong mu\u1ed1n c\u1ee7a kh\u00e1ch h\u00e0ng l\u00ean h\u00e0ng \u0111\u1ea7u; n\u1ed5 l\u1ef1c mang \u0111\u1ebfn cho kh\u00e1ch h\u00e0ng nh\u1eefng s\u1ea3n ph\u1ea9m \u2013 d\u1ecbch v\u1ee5 t\u1ed1t nh\u1ea5t; xem s\u1ef1 h\u00e0i l\u00f2ng c\u1ee7a kh\u00e1ch h\u00e0ng l\u00e0 th\u01b0\u1edbc \u0111o th\u00e0nh c\u00f4ng.<\/p>\n<p><strong>Tr\u00ed<\/strong>: ONE SPORTS lu\u00f4n \u0111\u1ec1 cao s\u1ef1 s\u00e1ng t\u1ea1o, l\u00e0 \u0111\u00f2n b\u1ea9y ph\u00e1t tri\u1ec3n, nh\u1eb1m t\u1ea1o ra gi\u00e1 tr\u1ecb kh\u00e1c bi\u1ec7t v\u00e0 b\u1ea3n s\u1eafc ri\u00eang c\u1ee7a s\u1ea3n ph\u1ea9m. Ch\u00fang t\u00f4i \u0111\u1ec1 cao tinh th\u1ea7n d\u00e1m ngh\u0129, d\u00e1m l\u00e0m, khuy\u1ebfn kh\u00edch t\u00ecm t\u00f2i, \u1ee9ng d\u1ee5ng ti\u1ebfn b\u1ed9 khoa h\u1ecdc, k\u1ef9 thu\u1eadt v\u00e0 c\u00f4ng ngh\u1ec7 m\u1edbi v\u00e0o qu\u1ea3n l\u00fd, s\u1ea3n xu\u1ea5t; lu\u00f4n ch\u1ee7 \u0111\u1ed9ng c\u1ea3i ti\u1ebfn, n\u00e2ng cao ch\u1ea5t l\u01b0\u1ee3ng s\u1ea3n ph\u1ea9m- d\u1ecbch v\u1ee5.<\/p>\n<p><strong>NH\u00c2N<\/strong>: ONE SPORTS x\u00e2y d\u1ef1ng c\u00e1c m\u1ed1i quan h\u1ec7 v\u1edbi kh\u00e1ch h\u00e0ng, \u0111\u1ed1i t\u00e1c, \u0111\u1ed3ng nghi\u1ec7p v\u00e0 x\u00e3 h\u1ed9i b\u1eb1ng s\u1ef1 thi\u1ec7n ch\u00ed, tinh th\u1ea7n nh\u00e2n v\u0103n. Ch\u00fang t\u00f4i lu\u00f4n coi ng\u01b0\u1eddi lao \u0111\u1ed9ng l\u00e0 t\u00e0i s\u1ea3n qu\u00fd gi\u00e1 nh\u1ea5t; x\u00e2y d\u1ef1ng m\u1ed9i tr\u01b0\u1eddng l\u00e0m vi\u1ec7c chuy\u00ean nghi\u1ec7p, n\u0103ng \u0111\u1ed9ng, s\u00e1ng t\u1ea1o; t\u1ea1o \u0111i\u1ec1u ki\u1ec7n thu nh\u1eadp cao v\u00e0 c\u01a1 h\u1ed9i ph\u00e1t tri\u1ec3n c\u00f4ng b\u1eb1ng cho t\u1ea5t c\u1ea3 c\u00e1n b\u1ed9 nh\u00e2n vi\u00ean.<\/p>\n<p><strong>Kh\u1ea9u hi\u1ec7u (slogan)<\/strong>: Together we can<\/p>\n<p><strong>TRI\u1ebeT L\u00dd KINH DOANH C\u1ee6A NHOM 3 THE THAO<\/strong><\/p>\n<p>VNB SPORTS mong mu\u1ed1n tr\u1edf th\u00e0nh m\u1ed9t c\u00f4ng ty ph\u00e2n ph\u1ed1i v\u00e0 s\u1ea3n xu\u1ea5t s\u1ea3n ph\u1ea9m c\u1ea7u l\u00f4ng ch\u1ea5t l\u01b0\u1ee3ng t\u1ed1t nh\u1ea5t \u1edf Vi\u1ec7t Nam. V\u00ec th\u1ebf ch\u00fang t\u00f4i t\u00e2m ni\u1ec7m r\u1eb1ng ch\u1ea5t l\u01b0\u1ee3ng v\u00e0 s\u00e1ng t\u1ea1o l\u00e0 ng\u01b0\u1eddi b\u1ea1n \u0111\u1ed3ng h\u00e0nh c\u1ee7a VNB SPORTS. Ch\u00fang t\u00f4i xem kh\u00e1ch h\u00e0ng l\u00e0 trung t\u00e2m v\u00e0 cam k\u1ebft \u0111\u00e1p \u1ee9ng m\u1ecdi nhu c\u1ea7u c\u1ee7a kh\u00e1ch h\u00e0ng.<\/p>\n<p><strong>Ch\u00ednh s\u00e1ch ch\u1ea5t l\u01b0\u1ee3ng<\/strong><\/p>\n<p>Lu\u00f4n th\u1ecfa m\u00e3n v\u00e0 c\u00f3 tr\u00e1ch nhi\u1ec7m v\u1edbi kh\u00e1ch h\u00e0ng b\u1eb1ng c\u00e1ch kh\u00f4ng ng\u1eebng c\u1ea3i ti\u1ebfn, \u0111a d\u1ea1ng h\u00f3a s\u1ea3n ph\u1ea9m v\u00e0 d\u1ecbch v\u1ee5, \u0111\u1ea3m b\u1ea3o ch\u1ea5t l\u01b0\u1ee3ng v\u1edbi gi\u00e1 c\u1ea3 c\u1ea1nh tranh, t\u00f4n tr\u1ecdng \u0111\u1ea1o \u0111\u1ee9c kinh doanh v\u00e0 tu\u00e2n theo ph\u00e1p lu\u1eadt.<br \/>\n<strong>* ONESTORE cam k\u1ebft b\u00e1n h\u00e0ng ch\u00ednh h\u00e3ng, kh\u00f4ng b\u00e1n h\u00e0ng k\u00e9m ch\u1ea5t l\u01b0\u1ee3ng l\u00e0m \u1ea3nh h\u01b0\u1edfng \u0111\u1ebfn th\u00e0nh vi\u00ean.<\/strong><\/p>\n<div class=\"blog-share text-center\">\n<div class=\"is-divider medium\"><\/div>\n<div class=\"social-icons share-icons share-row relative\"><\/div>\n<\/div>\n","protected":false},"excerpt":{"rendered":"<p>Th\u00e1ng 12\/2011, Forum https:\/\/www.vnbadminton.com\/ \u0111\u01b0\u1ee3c th\u00e0nh l\u1eadp, \u0111\u00e2y l\u00e0 website cung c\u1ea5p nh\u1eefng th\u00f4ng tin chuy\u00ean nghi\u1ec7p v\u1ec1 tin t\u1ee9c v\u00e0 di\u1ec5n \u0111\u00e0n c\u1ea7u l\u00f4ng. Nh\u1eadn th\u1ea5y s\u1ef1 ph\u00e1t tri\u1ec3n c\u1ee7a c\u1ea7u l\u00f4ng trong n\u01b0\u1edbc, b\u00ean c\u1ea1nh \u0111\u00f3 l\u00e0 mong mu\u1ed1n ph\u1ee5c v\u1ee5 t\u1ed1t h\u01a1n cho th\u00e0nh vi\u00ean v\u00e0 nh\u1eefng b\u1ea1n y\u00eau m\u1ebfn c\u1ea7u l\u00f4ng. [&#8230;]\n","protected":false},"author":1,"featured_media":48,"parent":0,"menu_order":0,"comment_status":"closed","ping_status":"closed","template":"","meta":{"footnotes":""},"class_list":["post-49","page","type-page","status-publish","has-post-thumbnail","hentry"],"_links":{"self":[{"href":"https:\/\/duyquan.azdigi.shop\/index.php\/wp-json\/wp\/v2\/pages\/49","targetHints":{"allow":["GET"]}}],"collection":[{"href":"https:\/\/duyquan.azdigi.shop\/index.php\/wp-json\/wp\/v2\/pages"}],"about":[{"href":"https:\/\/duyquan.azdigi.shop\/index.php\/wp-json\/wp\/v2\/types\/page"}],"author":[{"embeddable":true,"href":"https:\/\/duyquan.azdigi.shop\/index.php\/wp-json\/wp\/v2\/users\/1"}],"replies":[{"embeddable":true,"href":"https:\/\/duyquan.azdigi.shop\/index.php\/wp-json\/wp\/v2\/comments?post=49"}],"version-history":[{"count":1,"href":"https:\/\/duyquan.azdigi.shop\/index.php\/wp-json\/wp\/v2\/pages\/49\/revisions"}],"predecessor-version":[{"id":50,"href":"https:\/\/duyquan.azdigi.shop\/index.php\/wp-json\/wp\/v2\/pages\/49\/revisions\/50"}],"wp:featuredmedia":[{"embeddable":true,"href":"https:\/\/duyquan.azdigi.shop\/index.php\/wp-json\/wp\/v2\/media\/48"}],"wp:attachment":[{"href":"https:\/\/duyquan.azdigi.shop\/index.php\/wp-json\/wp\/v2\/media?parent=49"}],"curies":[{"name":"wp","href":"https:\/\/api.w.org\/{rel}","templated":true}]}}